{"id":494,"date":"2021-03-13T10:42:51","date_gmt":"2021-03-13T10:42:51","guid":{"rendered":"https:\/\/thedynamicadventure.com\/communitas-internacional\/"},"modified":"2021-11-04T00:10:37","modified_gmt":"2021-11-04T00:10:37","slug":"communitas-internacional","status":"publish","type":"page","link":"https:\/\/thedynamicadventure.com\/es\/informacion\/communitas-internacional\/","title":{"rendered":"Communitas Internacional"},"content":{"rendered":"\n\n\t\t<h2>\n\t\t\tAcerca de Communitas international\n\t\t<\/h2>\n\t\t<h3>\n\t\t\tAcerca de Communitas\n\t\t<\/h3>\n\t\t\t<p><a href=\"https:\/\/thedynamicadventure.com\/\">Communitas International<\/a> es una red global colaborativa de practicantes con cincuenta anos de experiencia estableciendo iglesias innovadoras.Con ambas iglesias y pioneras iniciativas a trav\u00e9s de Europa y Am\u00e9rica, Communitas International experimenta de primera mano los cambios culturales dram\u00e1ticos que ocurren alrededor del mundo. Estos cambios necesitan nuevas expresiones de iglesia fieles para hacer disc\u00edpulos de Cristo.Communitas prepara y empodera misioneros, practicantes locales y compa\u00f1eros estrat\u00e9gicos para seguir a Jes\u00fas en la transformaci\u00f3n de sus vecindarios.<\/p>\t\t\n\t<iframe loading=\"lazy\" src=\"https:\/\/player.vimeo.com\/video\/533534610?loop=0&#038;title=0&#038;byline=0&#038;portrait=0\" width=\"640\" height=\"360\" frameborder=\"0\" webkitallowfullscreen mozallowfullscreen allowfullscreen><\/iframe>\n\t\t<h3>\n\t\t\tconecta con Communitas\n\t\t<\/h3>\n\t\t\t\u00bfTe encuentras comenzando o liderando una expresi\u00f3n misional de iglesia, una iniciativa misional o una iglesia establecida que a\u00f1ore por una postura m\u00e1s misional? \u00bfTe gustar\u00eda pertenecer a un colectivo de practicantes misionales que creen que todos tienen experiencias valiosas dignas de compartir? !Tenemos mucho que aprender los unos de los otros! Vamos a <a href=\"https:\/\/dynamicadv.wpengine.com\/connect\/\">conectar<\/a>.\t\t\n\t\t<h3>\n\t\t\t\u00fanete a la conversaci\u00f3n\n\t\t<\/h3>\n\t\t\tConecta con nosotros y otros que est\u00e1n en el viaje con la Aventura Din\u00e1mica.\t\t\n\t\t<link itemprop=\"url\" href=\"https:\/\/thedynamicadventure.com\"\/>\n\t\t<a itemprop=\"sameAs\" href=\"https:\/\/www.facebook.com\/Dynamic-Adventure-1391739340892345\/\" target=\"_blank\" title=\"Facebook\" aria-label=\"Facebook\" role=\"button\" rel=\"noopener\">\n\t\t\t\t\t<\/a>\n\t\t<link itemprop=\"url\" href=\"https:\/\/thedynamicadventure.com\"\/>\n\t\t<a itemprop=\"sameAs\" href=\"https:\/\/www.instagram.com\/thedynamicadventure\/\" target=\"_blank\" title=\"Instagram\" aria-label=\"Instagram\" role=\"button\" rel=\"noopener\">\n\t\t\t\t\t<\/a>\n\t\t<link itemprop=\"url\" href=\"https:\/\/thedynamicadventure.com\"\/>\n\t\t<a itemprop=\"sameAs\" href=\"https:\/\/thedynamicadventure.com\/connect\/\" target=\"_self\" title=\"Email\" aria-label=\"Email\" role=\"button\" rel=\"noopener\">\n\t\t\t\t\t<\/a>\n\t\t<link itemprop=\"url\" href=\"https:\/\/thedynamicadventure.com\"\/>\n\t\t<a itemprop=\"sameAs\" href=\"https:\/\/vimeo.com\/thedynamicadventure\" target=\"_blank\" title=\"Vimeo\" aria-label=\"Vimeo\" role=\"button\" rel=\"noopener\">\n\t\t\t\t\t<\/a>\n\t\t<h3>\n\t\t\tMen\u00fa\n\t\t<\/h3>\n\t\t<h3>\n\t\t\tmantente informado\n\t\t<\/h3>\n\t\t\tInscr\u00edbete para obtener Aventura Din\u00e1mica noticias, actualizaciones e informaci\u00f3n de eventos.\t\t\n\t\t\t\t<a href=\"https:\/\/thedynamicadventure.com\/\" target=\"_blank\" rel=\"noopener\" itemprop=\"url\">\n\t\t\t\t<img decoding=\"async\" src=\"https:\/\/thedynamicadventure.com\/wp-content\/uploads\/sites\/8\/2017\/03\/Communitas_International_Small.png\" alt=\"Communitas_International_Small\" itemprop=\"image\" title=\"Communitas_International_Small\" onerror=\"this.style.display='none'\"  \/>\n\t\t\t\t<\/a>\n\n","protected":false},"excerpt":{"rendered":"<p>Acerca de Communitas international Acerca de Communitas Communitas International es una red global colaborativa de practicantes con cincuenta anos de experiencia estableciendo iglesias innovadoras.Con ambas iglesias y pioneras iniciativas a trav\u00e9s de Europa y Am\u00e9rica, Communitas International experimenta de primera mano los cambios culturales dram\u00e1ticos que ocurren alrededor del mundo. Estos cambios necesitan nuevas expresiones&hellip;<\/p>\n","protected":false},"author":124,"featured_media":0,"parent":552,"menu_order":0,"comment_status":"closed","ping_status":"closed","template":"","meta":{"_acf_changed":false,"footnotes":""},"class_list":["post-494","page","type-page","status-publish","hentry"],"acf":[],"_links":{"self":[{"href":"https:\/\/thedynamicadventure.com\/es\/wp-json\/wp\/v2\/pages\/494","targetHints":{"allow":["GET"]}}],"collection":[{"href":"https:\/\/thedynamicadventure.com\/es\/wp-json\/wp\/v2\/pages"}],"about":[{"href":"https:\/\/thedynamicadventure.com\/es\/wp-json\/wp\/v2\/types\/page"}],"author":[{"embeddable":true,"href":"https:\/\/thedynamicadventure.com\/es\/wp-json\/wp\/v2\/users\/124"}],"replies":[{"embeddable":true,"href":"https:\/\/thedynamicadventure.com\/es\/wp-json\/wp\/v2\/comments?post=494"}],"version-history":[{"count":0,"href":"https:\/\/thedynamicadventure.com\/es\/wp-json\/wp\/v2\/pages\/494\/revisions"}],"up":[{"embeddable":true,"href":"https:\/\/thedynamicadventure.com\/es\/wp-json\/wp\/v2\/pages\/552"}],"wp:attachment":[{"href":"https:\/\/thedynamicadventure.com\/es\/wp-json\/wp\/v2\/media?parent=494"}],"curies":[{"name":"wp","href":"https:\/\/api.w.org\/{rel}","templated":true}]}}