{"id":497,"date":"2021-03-13T11:16:33","date_gmt":"2021-03-13T11:16:33","guid":{"rendered":"https:\/\/thedynamicadventure.com\/inicio\/"},"modified":"2021-11-04T00:12:45","modified_gmt":"2021-11-04T00:12:45","slug":"inicio","status":"publish","type":"page","link":"https:\/\/thedynamicadventure.com\/es\/","title":{"rendered":"Inicio"},"content":{"rendered":"\n\n\t\t\t\t<h1>\u00bfExisten otras formas de ser iglesia?<\/h1>\t\t\t\n\t\t\t\t<h1>\u00bfQu\u00e9 significa de todas maneras \u00abser iglesia\u00bb?<\/h1>\t\t\t\n\t\t\t\t<h1>\u00bfC\u00f3mo puede ser mi iglesia existente m\u00e1s misional?<\/h1>\t\t\t\n\t\t\t\t<h1>\u00bfHay alguien m\u00e1s haciendo estas preguntas?<\/h1>\t\t\t\n\t<p>Estas son preguntas importantes.\u00a0<\/p>\n<p>Si est\u00e1s buscando respuestas, no te encuentras s\u00f3lo.<\/p>\n\t<a href=\"#abouttheguide\" target=\"_self\" role=\"button\" aria-label=\"Aprende m\u00e1s\" rel=\"noopener\">\n\t\t\t\tAprende m\u00e1s\n\t\t\t<\/a>\n\t\t<h2>\n\t\t\tTienes una gu\u00eda\n\t\t<\/h2>\n\t\t\tIniciar o conformar una iglesia de expresi\u00f3n misional es una aventura impredecible y salvaje. No hay mapas para el lugar donde vas. Necesitas una gu\u00eda experimentada.\n<strong>Aventura Din\u00e1mica: Una gu\u00eda para iniciar y conformar Iglesias Misionales<\/strong> es la gu\u00eda pr\u00e1ctica para tu equipo en el viaje.\t\t\n\t\t\t<a href=\"https:\/\/thedynamicadventure.com\/es\/guia\/\" role=\"button\" target=\"_self\" onclick=\"\" rel=\"noopener\">\n\t\t\t\t\t\t\t\t\t\t\t\t\t\t\t\t\t\texplora la gu\u00eda\n\t\t\t\t\t\t\t<\/a>\n\t\t\t<a href=\"https:\/\/www.amazon.com\/gp\/product\/0998876917\/ref=as_li_qf_sp_asin_il_tl?ie=UTF8&#038;tag=christassocii-20&#038;camp=1789&#038;creative=9325&#038;linkCode=as2&#038;creativeASIN=0998876917&#038;linkId=b3be27243d734f4ff334f6cc9d1ba0b1\" role=\"button\" target=\"_blank\" onclick=\"\" rel=\"noopener\">\n\t\t\t\t\t\t\t\t\t\t\t\t\t\t\t\t\t\tcompra la gu\u00eda\n\t\t\t\t\t\t\t<\/a>\n\t\t\t\t\t\t\t\t\t\t<img decoding=\"async\" src=\"https:\/\/thedynamicadventure.com\/wp-content\/uploads\/sites\/8\/2021\/03\/ES_LA-DAbook.png\" alt=\"ES_LA-DAbook\" itemprop=\"image\"  \/>\n\t\t<h3>\n\t\t\tAventura din\u00e1mica es una visi\u00f3n \u00fanica hacia la iglesia misional.<br \/>Aqu\u00ed hay un resumen:\n\t\t<\/h3>\n\t\t<h2>\n\t\t\tLos b\u00e1sicos\n\t\t\t\t\t\t\t\t\t\t\tempacar para el viaje\n\t\t<\/h2>\n\t\t\t<p>Comenzamos por construir una buena base. Queremos que t\u00fa y tu equipo se muevan hacia adelante armados con un buen agarre del significado y relevancia de las 6 din\u00e1micas de siembra de iglesias. Tambi\u00e9n queremos abrir la fuente de nuestra motivaci\u00f3n y pasi\u00f3n, la cual se relaciona a c\u00f3mo nos vemos a nosotros mismos- nuestra identidad como hijos de Dios y colaboradores en la misi\u00f3n de Cristo.<\/p>\t\t\n\t\t<h2>\n\t\t\tir local\n\t\t\t\t\t\t\t\t\t\t\tmudarse dentro y vivir fuera\n\t\t<\/h2>\n\t\t\t<p>Desempaca la primera de las dos din\u00e1micas: <em><strong>integrar<\/strong><\/em> e <em><strong>iniciar<\/strong><\/em>. Estas dos din\u00e1micas trabajan juntas para activar nuestro ADN misional &#8211; esa capa interna de nuestro llamado misionera y su expresi\u00f3n externa. <em><strong>Integrar<\/strong><\/em> e <em><strong>iniciar<\/strong><\/em> son din\u00e1micas importantes para empezar en una comunidad de fe misional, pero necesitan ser cultivadas continuamente a trav\u00e9s de la vida de cualquier iglesia saludable.<\/p>\t\t\n\t\t<h2>\n\t\t\tir profundo\n\t\t\t\t\t\t\t\t\t\t\tformando quienes somos\n\t\t<\/h2>\n\t\t\t<p>En este punto el tiempo se presta para indagar profundo y acordar nuestra identidad comunal y nuestro modo de vida juntos, para que podamos no s\u00f3lo formar una comunidad sustentable pero tambi\u00e9n ser formados como gente que piensa, act\u00faa, y cuida, tal como Jes\u00fas. <strong><em>Practicar<\/em><\/strong> y <em><strong>madurar<\/strong><\/em> nos ayuda a crecer en una iglesia accesible, autogobernable y autosuficiente.<\/p>\t\t\n\t\t<h2>\n\t\t\tir extenso\n\t\t\t\t\t\t\t\t\t\t\texpandiendo nuestros horizontes\n\t\t<\/h2>\n\t\t\t<p>\u00a1Dios desea que el mundo entero escuche las buenas nuevas! Entonces \u00bfc\u00f3mo nosotros, una peque\u00f1a comunidad de disc\u00edpulos en un local espec\u00edfico, puede promover la multiplicaci\u00f3n de iniciativas misionales y nuevas expresiones de iglesia adentro y hacia afuera de nuestra ciudad?<em><strong>Interconectar<\/strong><\/em> y <em><strong>expandir<\/strong><\/em> nos ayuda a asociarnos con otros para sembrar nueva vida cerca y lejos.<\/p>\t\t\n\t\t<h2>\n\t\t\t\u00bfquieres aprender m\u00e1s sobre esta gu\u00eda?\n\t\t<\/h2>\n\t\t\tExplora la gu\u00eda y mira p\u00e1ginas muestra.\t\t\n\t<a href=\"https:\/\/thedynamicadventure.com\/es\/guia\/\" target=\"_self\" role=\"button\" aria-label=\"explora la gu\u00eda\" rel=\"noopener\">\n\t\t\t\texplora la gu\u00eda\n\t\t\t<\/a>\n\t\t\t\t<h2>Lo que la gente dice<\/h2>\n\t\t\t\t\t\t\t\t\t\t\t\t\t\t\t\t\t<h3>Alan Hirsch<\/h3>\n\t\t\t\t\t\t\t\t\t\t\t\t\t\t\t\t\t\t\t\t\t\t\t\t\t<h4>ganador de premios como autor en misi\u00f3n y liderazgo<\/h4>\n\t\t\t\t\t\t\t\t\t\t\t\t\t\t<p>\u00abAmo lo que mis hermanos y hermanas en Communitas International hacen para capacitar y desarrollar sembradores de iglesia y misioneros en el modo encarnacional. El material articulado aqu\u00ed, ha sido trabajado a trav\u00e9s de d\u00e9cadas de experiencia en el contexto de misi\u00f3n en los lugares m\u00e1s complicados de la cultura moderna. Hacemos bien en poner atenci\u00f3n y aprender de ellos\u00bb.<\/p>\n\t\t\t\t\t\t\t\t\t\t\t\t\t\t\t\t\t<h3>Geoff Rinehart<\/h3>\n\t\t\t\t\t\t\t\t\t\t\t\t\t\t\t\t\t\t\t\t\t\t\t\t\t<h4>Sembrador de Iglesia &#8211; Spokane, WA \u00e1rea<\/h4>\n\t\t\t\t\t\t\t\t\t\t\t\t\t\t<p>\u00abUn grupo de pastores y desarrolladores de l\u00edderes comunales comenzaron a experimentar con una edici\u00f3n pre-lanzamiento de la Aventura Din\u00e1mica muchos meses atr\u00e1s. Ya estamos atestiguando gente transformada, vecindarios, e iglesias. Mientras la gu\u00eda no es un manual de reparar-r\u00e1pido, las verdades y ejercicios contenidas en ello, son efectivas y de impacto. Estamos emocionados de ver a d\u00f3nde nos llevar\u00e1 en nuestro viaje hacia una vida misional\u00bb.<\/p>\n\t\t\t\t\t\t\t\t\t\t\t\t\t\t\t\t\t<h3>Leon Longard<\/h3>\n\t\t\t\t\t\t\t\t\t\t\t\t\t\t\t\t\t\t\t\t\t\t\t\t\t<h4>Pastor\/L\u00edder de equipo, Indianapolis, IN<\/h4>\n\t\t\t\t\t\t\t\t\t\t\t\t\t\t<p>\u00abA pesar de que ya nos encontr\u00e1bamos en b\u00fasqueda de una visi\u00f3n misional como una comunidad de fe, Aventura Din\u00e1mica es una herramienta \u00fatil para llevar a todos hacia la misma p\u00e1gina, para entender lo que significa cuando nos llamamos a nosotros mismos misional. Los ejercicios ayudaron a mantener a todos participando, opuesto a el acercamiento de el discurso est\u00e1ndar para impartir visi\u00f3n. El ejercicio \u00bfQu\u00e9 es iglesia?\u00a0nos recuerda que podemos ser libres para dejar ir nuestras suposiciones de lo que significa ser una iglesia y enfocarnos en las formas que se ajusten a nuestra misi\u00f3n e identidad \u00fanica\u00bb.<\/p>\n\t\t\t\t<!-- \/.pp-testimonials -->\n\t\t<h3>\n\t\t\t\u00fanete a la conversaci\u00f3n\n\t\t<\/h3>\n\t\t\tConecta con nosotros y otros que est\u00e1n en el viaje con la Aventura Din\u00e1mica.\t\t\n\t\t<link itemprop=\"url\" href=\"https:\/\/thedynamicadventure.com\"\/>\n\t\t<a itemprop=\"sameAs\" href=\"https:\/\/www.facebook.com\/Dynamic-Adventure-1391739340892345\/\" target=\"_blank\" title=\"Facebook\" aria-label=\"Facebook\" role=\"button\" rel=\"noopener\">\n\t\t\t\t\t<\/a>\n\t\t<link itemprop=\"url\" href=\"https:\/\/thedynamicadventure.com\"\/>\n\t\t<a itemprop=\"sameAs\" href=\"https:\/\/www.instagram.com\/thedynamicadventure\/\" target=\"_blank\" title=\"Instagram\" aria-label=\"Instagram\" role=\"button\" rel=\"noopener\">\n\t\t\t\t\t<\/a>\n\t\t<link itemprop=\"url\" href=\"https:\/\/thedynamicadventure.com\"\/>\n\t\t<a itemprop=\"sameAs\" href=\"https:\/\/thedynamicadventure.com\/connect\/\" target=\"_self\" title=\"Email\" aria-label=\"Email\" role=\"button\" rel=\"noopener\">\n\t\t\t\t\t<\/a>\n\t\t<link itemprop=\"url\" href=\"https:\/\/thedynamicadventure.com\"\/>\n\t\t<a itemprop=\"sameAs\" href=\"https:\/\/vimeo.com\/thedynamicadventure\" target=\"_blank\" title=\"Vimeo\" aria-label=\"Vimeo\" role=\"button\" rel=\"noopener\">\n\t\t\t\t\t<\/a>\n\t\t<h3>\n\t\t\tMen\u00fa\n\t\t<\/h3>\n\t\t<h3>\n\t\t\tmantente informado\n\t\t<\/h3>\n\t\t\tInscr\u00edbete para obtener Aventura Din\u00e1mica noticias, actualizaciones e informaci\u00f3n de eventos.\t\t\n\t\t\t\t<a href=\"https:\/\/thedynamicadventure.com\/\" target=\"_blank\" rel=\"noopener\" itemprop=\"url\">\n\t\t\t\t<img decoding=\"async\" src=\"https:\/\/thedynamicadventure.com\/wp-content\/uploads\/sites\/8\/2017\/03\/Communitas_International_Small.png\" alt=\"Communitas_International_Small\" itemprop=\"image\" title=\"Communitas_International_Small\" onerror=\"this.style.display='none'\"  \/>\n\t\t\t\t<\/a>\n\n","protected":false},"excerpt":{"rendered":"<p>\u00bfExisten otras formas de ser iglesia? \u00bfQu\u00e9 significa de todas maneras \u00abser iglesia\u00bb? \u00bfC\u00f3mo puede ser mi iglesia existente m\u00e1s misional? \u00bfHay alguien m\u00e1s haciendo estas preguntas? Estas son preguntas importantes.\u00a0 Si est\u00e1s buscando respuestas, no te encuentras s\u00f3lo. Aprende m\u00e1s Tienes una gu\u00eda Iniciar o conformar una iglesia de expresi\u00f3n misional es una aventura&hellip;<\/p>\n","protected":false},"author":124,"featured_media":0,"parent":0,"menu_order":0,"comment_status":"closed","ping_status":"closed","template":"","meta":{"_acf_changed":false,"footnotes":""},"class_list":["post-497","page","type-page","status-publish","hentry"],"acf":[],"_links":{"self":[{"href":"https:\/\/thedynamicadventure.com\/es\/wp-json\/wp\/v2\/pages\/497","targetHints":{"allow":["GET"]}}],"collection":[{"href":"https:\/\/thedynamicadventure.com\/es\/wp-json\/wp\/v2\/pages"}],"about":[{"href":"https:\/\/thedynamicadventure.com\/es\/wp-json\/wp\/v2\/types\/page"}],"author":[{"embeddable":true,"href":"https:\/\/thedynamicadventure.com\/es\/wp-json\/wp\/v2\/users\/124"}],"replies":[{"embeddable":true,"href":"https:\/\/thedynamicadventure.com\/es\/wp-json\/wp\/v2\/comments?post=497"}],"version-history":[{"count":0,"href":"https:\/\/thedynamicadventure.com\/es\/wp-json\/wp\/v2\/pages\/497\/revisions"}],"wp:attachment":[{"href":"https:\/\/thedynamicadventure.com\/es\/wp-json\/wp\/v2\/media?parent=497"}],"curies":[{"name":"wp","href":"https:\/\/api.w.org\/{rel}","templated":true}]}}