{"id":553,"date":"2021-03-17T18:23:56","date_gmt":"2021-03-17T18:23:56","guid":{"rendered":"https:\/\/thedynamicadventure.com\/guia\/"},"modified":"2021-11-04T00:23:30","modified_gmt":"2021-11-04T00:23:30","slug":"guia","status":"publish","type":"page","link":"https:\/\/thedynamicadventure.com\/es\/guia\/","title":{"rendered":"gu\u00eda"},"content":{"rendered":"\n\n\t\t<h2>\n\t\t\tla gu\u00eda\n\t\t<\/h2>\n\t\t\tIniciar y formar una expresi\u00f3n de iglesia misional es una aventura salvaje e impredecible. No hay mapas para donde te diriges. Necesitas una gu\u00eda experimentada.\t\t\n\t\t<h3>\n\t\t\tacerca de la gu\u00eda\n\t\t<\/h3>\n\t\t\t<strong>Aventura Din\u00e1mica<\/strong> es una gu\u00eda para el viaje de tu equipo hacia el extra\u00f1o y no familiar territorio de iniciar y conformar una expresi\u00f3n misional de iglesia. Est\u00e1 lleno de historias de la vida real del campo y sobre cincuenta ejercicios pr\u00e1cticos para guiarte mientras aprendes y aplicas en tu contexto \u00fanico las seis din\u00e1micas del enfoque de siembra de iglesias misionales Communitas International: Integrar, Iniciar, Practicar, Madurar, Interconectar y Expandir.\t\t\n\t\t<h3>\n\t\t\t\u00bfPara qui\u00e9n es?\n\t\t<\/h3>\n\t\t\t<p><strong>Aventura Din\u00e1mica<\/strong> no es un libro de texto, \u00a1es un libro de trabajo dise\u00f1ado para promover acci\u00f3n! Es un recurso \u00fanico dise\u00f1ado espec\u00edficamente para ayudar a grupos de gente a iniciar y conformar una expresi\u00f3n misional de iglesia:<ul><li>grupos informales de \u00abso\u00f1adores\u00bb que buscan impactar en su ciudad<\/li><li>comunidades misionales<\/li><li>equipos de siembra de iglesias<\/li><li>equipos de liderazgo o juntas para establecer iglesias<\/li><li>equipos de educaci\u00f3n pastoral<\/li><li>programas acad\u00e9micos<\/li><li>grupos de estudio para pisoneros misionales<\/li><\/ul>No importa el tama\u00f1o o naturaleza de tu grupo, <strong>Aventura Din\u00e1mica<\/strong> provee el marco para interactuar, imaginar, e implementar un enfoque misional para ser juntos iglesia.<\/p>\t\t\n\t\t\t\t<img decoding=\"async\" src=\"https:\/\/thedynamicadventure.com\/wp-content\/uploads\/sites\/8\/2021\/03\/ES_LA-DAbook.png\" alt=\"ES_LA-DAbook\" itemprop=\"image\" title=\"ES_LA-DAbook\" onerror=\"this.style.display='none'\"  \/>\n\t\t\t<a href=\"https:\/\/www.amazon.com\/Aventura-Din\u00e1mica-desarrollar-iglesias-misionales\/dp\/0998876909\" role=\"button\" target=\"_blank\" onclick=\"\" rel=\"noopener\">\n\t\t\t\t\t\t\t\t\t\t\t\t\t\t\t\t\t\tcompra la gu\u00eda\n\t\t\t\t\t\t\t<\/a>\n\t\t\t<a href=\"https:\/\/thedynamicadventure.com\/es\/guia-muestra\/\" role=\"button\" target=\"_self\" onclick=\"\" rel=\"noopener\">\n\t\t\t\t\t\t\t\t\t\t\t\t\t\t\t\t\t\tgu\u00eda muestra\n\t\t\t\t\t\t\t<\/a>\n\t\t<h4>\n\t\t\tacerca del equipo\n\t\t<\/h4>\n\t\t\tAventura Din\u00e1mica es un esfuerzo colaborativo de un equipo de escritores abarcando nueve zonas horarias, m\u00faltiples culturas, y numerosas disciplinas. El equipo ha compilado lecciones aprendidas de Communitas International durante sus 50 a\u00f1os de experiencia en siembra de iglesias en la cultura moderna.\t\t\n                        <a href=\"https:\/\/www.linkedin.com\/in\/dan-steigerwald-3b561b7\/\" target=\"_blank\" rel=\"noopener\">\n                        <img loading=\"lazy\" decoding=\"async\" src=\"https:\/\/thedynamicadventure.com\/wp-content\/uploads\/sites\/8\/2017\/03\/dansteigerwald.jpg\" alt=\"dansteigerwald\" itemprop=\"image\" height=\"600\" width=\"600\" title=\"dansteigerwald\"  \/>\n                        <\/a>\n\t\t                <a href=\"https:\/\/www.linkedin.com\/in\/dan-steigerwald-3b561b7\/\" target=\"_blank\" rel=\"noopener\">\n                    <h4>Daniel Steigerwald<\/h4>\n                <\/a>\n        \t\t        \t\t        \t\n                        <a href=\"https:\/\/www.linkedin.com\/in\/deborah-loyd-b1b25bb\/\" target=\"_blank\" rel=\"noopener\">\n                        <img loading=\"lazy\" decoding=\"async\" src=\"https:\/\/thedynamicadventure.com\/wp-content\/uploads\/sites\/8\/2017\/03\/debloyd.jpg\" alt=\"debloyd\" itemprop=\"image\" height=\"600\" width=\"600\" title=\"debloyd\"  \/>\n                        <\/a>\n\t\t                <a href=\"https:\/\/www.linkedin.com\/in\/deborah-loyd-b1b25bb\/\" target=\"_blank\" rel=\"noopener\">\n                    <h4>Deborah Loyd<\/h4>\n                <\/a>\n        \t\t        \t\t        \t\n                        <a href=\"https:\/\/www.linkedin.com\/in\/april-te-grootenhuis-crull-57210741\/\" target=\"_blank\" rel=\"noopener\">\n                        <img loading=\"lazy\" decoding=\"async\" src=\"https:\/\/thedynamicadventure.com\/wp-content\/uploads\/sites\/8\/2017\/03\/aprilcrull.jpg\" alt=\"aprilcrull\" itemprop=\"image\" height=\"600\" width=\"600\" title=\"aprilcrull\"  \/>\n                        <\/a>\n\t\t                <a href=\"https:\/\/www.linkedin.com\/in\/april-te-grootenhuis-crull-57210741\/\" target=\"_blank\" rel=\"noopener\">\n                    <h4>April Te Grootenhuis Crull<\/h4>\n                <\/a>\n        \t\t        \t\t        \t\n                        <a href=\"https:\/\/www.mikekuder.com\" target=\"_blank\" rel=\"noopener\">\n                        <img loading=\"lazy\" decoding=\"async\" src=\"https:\/\/thedynamicadventure.com\/wp-content\/uploads\/sites\/8\/2017\/03\/mikekuder.jpg\" alt=\"mikekuder\" itemprop=\"image\" height=\"600\" width=\"600\" title=\"mikekuder\"  \/>\n                        <\/a>\n\t\t                <a href=\"https:\/\/www.mikekuder.com\" target=\"_blank\" rel=\"noopener\">\n                    <h4>Michael Kuder<\/h4>\n                <\/a>\n        \t\t        \t\t        \t\n\t\t<h3>\n\t\t\t\u00fanete a la conversaci\u00f3n\n\t\t<\/h3>\n\t\t\tConecta con nosotros y otros que est\u00e1n en el viaje con la Aventura Din\u00e1mica.\t\t\n\t\t<link itemprop=\"url\" href=\"https:\/\/thedynamicadventure.com\"\/>\n\t\t<a itemprop=\"sameAs\" href=\"https:\/\/www.facebook.com\/Dynamic-Adventure-1391739340892345\/\" target=\"_blank\" title=\"Facebook\" aria-label=\"Facebook\" role=\"button\" rel=\"noopener\">\n\t\t\t\t\t<\/a>\n\t\t<link itemprop=\"url\" href=\"https:\/\/thedynamicadventure.com\"\/>\n\t\t<a itemprop=\"sameAs\" href=\"https:\/\/www.instagram.com\/thedynamicadventure\/\" target=\"_blank\" title=\"Instagram\" aria-label=\"Instagram\" role=\"button\" rel=\"noopener\">\n\t\t\t\t\t<\/a>\n\t\t<link itemprop=\"url\" href=\"https:\/\/thedynamicadventure.com\"\/>\n\t\t<a itemprop=\"sameAs\" href=\"https:\/\/thedynamicadventure.com\/connect\/\" target=\"_self\" title=\"Email\" aria-label=\"Email\" role=\"button\" rel=\"noopener\">\n\t\t\t\t\t<\/a>\n\t\t<link itemprop=\"url\" href=\"https:\/\/thedynamicadventure.com\"\/>\n\t\t<a itemprop=\"sameAs\" href=\"https:\/\/vimeo.com\/thedynamicadventure\" target=\"_blank\" title=\"Vimeo\" aria-label=\"Vimeo\" role=\"button\" rel=\"noopener\">\n\t\t\t\t\t<\/a>\n\t\t<h3>\n\t\t\tMen\u00fa\n\t\t<\/h3>\n\t\t<h3>\n\t\t\tmantente informado\n\t\t<\/h3>\n\t\t\tInscr\u00edbete para obtener Aventura Din\u00e1mica noticias, actualizaciones e informaci\u00f3n de eventos.\t\t\n\t\t\t\t<a href=\"https:\/\/thedynamicadventure.com\/\" target=\"_blank\" rel=\"noopener\" itemprop=\"url\">\n\t\t\t\t<img decoding=\"async\" src=\"https:\/\/thedynamicadventure.com\/wp-content\/uploads\/sites\/8\/2017\/03\/Communitas_International_Small.png\" alt=\"Communitas_International_Small\" itemprop=\"image\" title=\"Communitas_International_Small\" onerror=\"this.style.display='none'\"  \/>\n\t\t\t\t<\/a>\n\n","protected":false},"excerpt":{"rendered":"<p>la gu\u00eda Iniciar y formar una expresi\u00f3n de iglesia misional es una aventura salvaje e impredecible. No hay mapas para donde te diriges. Necesitas una gu\u00eda experimentada. acerca de la gu\u00eda Aventura Din\u00e1mica es una gu\u00eda para el viaje de tu equipo hacia el extra\u00f1o y no familiar territorio de iniciar y conformar una expresi\u00f3n&hellip;<\/p>\n","protected":false},"author":124,"featured_media":0,"parent":0,"menu_order":0,"comment_status":"closed","ping_status":"closed","template":"","meta":{"_acf_changed":false,"footnotes":""},"class_list":["post-553","page","type-page","status-publish","hentry"],"acf":[],"_links":{"self":[{"href":"https:\/\/thedynamicadventure.com\/es\/wp-json\/wp\/v2\/pages\/553","targetHints":{"allow":["GET"]}}],"collection":[{"href":"https:\/\/thedynamicadventure.com\/es\/wp-json\/wp\/v2\/pages"}],"about":[{"href":"https:\/\/thedynamicadventure.com\/es\/wp-json\/wp\/v2\/types\/page"}],"author":[{"embeddable":true,"href":"https:\/\/thedynamicadventure.com\/es\/wp-json\/wp\/v2\/users\/124"}],"replies":[{"embeddable":true,"href":"https:\/\/thedynamicadventure.com\/es\/wp-json\/wp\/v2\/comments?post=553"}],"version-history":[{"count":0,"href":"https:\/\/thedynamicadventure.com\/es\/wp-json\/wp\/v2\/pages\/553\/revisions"}],"wp:attachment":[{"href":"https:\/\/thedynamicadventure.com\/es\/wp-json\/wp\/v2\/media?parent=553"}],"curies":[{"name":"wp","href":"https:\/\/api.w.org\/{rel}","templated":true}]}}