{"id":583,"date":"2021-03-18T10:35:47","date_gmt":"2021-03-18T10:35:47","guid":{"rendered":"https:\/\/thedynamicadventure.com\/recursos\/"},"modified":"2021-11-04T00:17:11","modified_gmt":"2021-11-04T00:17:11","slug":"recursos","status":"publish","type":"page","link":"https:\/\/thedynamicadventure.com\/es\/recursos\/","title":{"rendered":"recursos"},"content":{"rendered":"\n\n\t\t<h2>\n\t\t\trecursos \n\t\t<\/h2>\n\t\t\tLibros, sitios web, y otros recursos que hemos encontrado en nuestros viajes.\t\t\n\t\t<h2>\n\t\t\t  Libros\n\t\t<\/h2>\n\t\t\t\t<img decoding=\"async\" src=\"https:\/\/thedynamicadventure.com\/wp-content\/uploads\/sites\/8\/2017\/03\/growinglocalmissionariescover-188x300.jpg\" alt=\"growinglocalmissionariescover\" itemprop=\"image\" title=\"growinglocalmissionariescover\" onerror=\"this.style.display='none'\"  \/>\n\t\t<h2>\n\t\t\tGrowing Local Missionaries\n\t\t\t\t\t\t\t\t\t\t\tDan Steigerwald\n\t\t<\/h2>\n\t\t\tUna breve pero muy completo y equipado libro pr\u00e1ctico sobre acciones reales para el bien del mundo. Creciendo misioneros locales es una exploraci\u00f3n m\u00e1s completa de nuestra identidad como agentes del shalom de Dios, y las habilidades pr\u00e1cticas para vivir Su sue\u00f1o para el mundo.\t\t\n\t<a href=\"https:\/\/www.amazon.com\/gp\/product\/1494761025\/ref=as_li_qf_sp_asin_il_tl?ie=UTF8&#038;tag=christassocii-20&#038;camp=1789&#038;creative=9325&#038;linkCode=as2&#038;creativeASIN=1494761025&#038;linkId=daa4b54146ad9c481860f49f82d8ea7a\" target=\"_blank\" role=\"button\" rel=\"noopener\" aria-label=\"compra el libro en amazon.com\">\n\t\t\t\tcompra el libro en amazon.com\n\t\t\t<\/a>\n\t\t\t\t<img decoding=\"async\" src=\"https:\/\/thedynamicadventure.com\/wp-content\/uploads\/sites\/8\/2017\/03\/GWYPlanted-197x300.jpg\" alt=\"GWYPlanted\" itemprop=\"image\" title=\"GWYPlanted\" onerror=\"this.style.display='none'\"  \/>\n\t\t<h2>\n\t\t\tGrow Where You&#8217;re Planted\n\t\t\t\t\t\t\t\t\t\t\tDan Steigerwald and Kelly Crull\n\t\t<\/h2>\n\t\t\tExpresiones de iglesia innovadoras requieren medidas saludables y maduras. Basados en proyectos de la vida real e iglesias, Crece donde has plantado, propone un conjunto de\u00bbpostales\u00bb en com\u00fan para todas las iglesias- sin importar su forma- asistir a l\u00edderes en su desarrollo de un nuevo tablero para medir crecimiento, salud y sustentabilidad.\t\t\n\t<a href=\"https:\/\/www.amazon.com\/gp\/product\/8461641272\/ref=as_li_qf_sp_asin_il_tl?ie=UTF8&#038;tag=christassocii-20&#038;camp=1789&#038;creative=9325&#038;linkCode=as2&#038;creativeASIN=8461641272&#038;linkId=dfdb13a764b815f5b50ad916f90613f3\" target=\"_blank\" role=\"button\" rel=\"noopener\" aria-label=\"compra este libro en amazon.com\">\n\t\t\t\tcompra este libro en amazon.com\n\t\t\t<\/a>\n\t\t\t\t<img decoding=\"async\" src=\"https:\/\/thedynamicadventure.com\/wp-content\/uploads\/sites\/8\/2017\/03\/credo-200x300.jpg\" alt=\"credo\" itemprop=\"image\" title=\"credo\" onerror=\"this.style.display='none'\"  \/>\n\t\t<h2>\n\t\t\tYour Vocational Credo\n\t\t\t\t\t\t\t\t\t\t\tDeborah Koehn Loyd\n\t\t<\/h2>\n\t\t\tConocemos que Dios ha creado a cada uno de nosotros de modos \u00fanicos, pero frecuentemente luchamos para entender sus planes divinos. Muchos de nosotros vivimos con una vaga sensaci\u00f3n de descontento, mientras nos cuestionamos quienes somos y qu\u00e9 ha dise\u00f1ado Dios para que hagamos. Este pr\u00e1ctico libro te ayudar\u00e1 a encontrar tu credo y lograr el trabajo que Dios ha dise\u00f1ado para t\u00ed.\t\t\n\t<a href=\"https:\/\/www.amazon.com\/gp\/product\/0830843191\/ref=as_li_qf_sp_asin_il_tl?ie=UTF8&#038;tag=christassocii-20&#038;camp=1789&#038;creative=9325&#038;linkCode=as2&#038;creativeASIN=0830843191&#038;linkId=a7e5563b6810c00536d0c6f98ca7edd8\" target=\"_blank\" role=\"button\" rel=\"noopener\" aria-label=\"compra este libro en amazon.com\">\n\t\t\t\tcompra este libro en amazon.com\n\t\t\t<\/a>\n\t\t\t\t<img decoding=\"async\" src=\"https:\/\/thedynamicadventure.com\/wp-content\/uploads\/sites\/8\/2017\/03\/shaping-200x300.jpg\" alt=\"shaping\" itemprop=\"image\" title=\"shaping\" onerror=\"this.style.display='none'\"  \/>\n\t\t<h2>\n\t\t\tThe Shaping of Things to Come\n\t\t\t\t\t\t\t\t\t\t\tMichael Frost y Alan Hirsch \n\t\t<\/h2>\n\t\t\tLa nueva y revisada versi\u00f3n de un cl\u00e1sico en la literatura de iglesia misional! <em>Shaping<\/em> es un tratamiento completo de c\u00f3mo y porqu\u00e9 la iglesia necesita recalibrar para conocer los retos del siglo 21 de la cultura moderna. Para muchos en el movimiento de iglesia misional, este libro es legendario por su habilidad para producir \u00abmomentos a- ja.\u00bb\t\t\n\t<a href=\"https:\/\/www.amazon.com\/gp\/product\/0801014913\/ref=as_li_qf_sp_asin_il_tl?ie=UTF8&#038;tag=christassocii-20&#038;camp=1789&#038;creative=9325&#038;linkCode=as2&#038;creativeASIN=0801014913&#038;linkId=78022fe4fa87d840409f676d4e50e34e\" target=\"_blank\" role=\"button\" rel=\"noopener\" aria-label=\"compra este libro en amazon.com\">\n\t\t\t\tcompra este libro en amazon.com\n\t\t\t<\/a>\n\t\t\t\t<img decoding=\"async\" src=\"https:\/\/thedynamicadventure.com\/wp-content\/uploads\/sites\/8\/2017\/03\/forgottenways-200x300.jpg\" alt=\"forgottenways\" itemprop=\"image\" title=\"forgottenways\" onerror=\"this.style.display='none'\"  \/>\n\t\t<h2>\n\t\t\tCaminos Olvidados \n\t\t\t\t\t\t\t\t\t\t\tAlan Hirsch \n\t\t<\/h2>\n\t\t\tNuestro buen amigo Alan considera Caminos olvidados el trabajo gu\u00eda de todos sus otros trabajos escritos. Nuevamente revisados y actualizados, el libro explora los factores que vienen acompa\u00f1ados para generar alto impacto, exponencialmente explosivo, vibrantes movimientos espirituales de Jes\u00fas en cualquier tiempo y contexto. Este cambio de paradigma cl\u00e1sico recuerda la declaraci\u00f3n definitiva de la iglesia como movimiento misional din\u00e1mico.\t\t\n\t<a href=\"https:\/\/exponential.org\/resource-ebooks\/caminos-olvidados\/\" target=\"_blank\" role=\"button\" rel=\"noopener\" aria-label=\"descarga este libro gratis\">\n\t\t\t\tdescarga este libro gratis\n\t\t\t<\/a>\n\t\t\t\t<img decoding=\"async\" src=\"https:\/\/thedynamicadventure.com\/wp-content\/uploads\/sites\/8\/2017\/03\/missionalessentials-231x300.jpg\" alt=\"missionalessentials\" itemprop=\"image\" title=\"missionalessentials\" onerror=\"this.style.display='none'\"  \/>\n\t\t<h2>\n\t\t\tMissional Essentials\n\t\t\t\t\t\t\t\t\t\t\tBrad Brisco y Lance Ford\n\t\t<\/h2>\n\t\t\tUn libro de trabajo maravilloso, conciso y accesible es Los fundamentos de una vida misional, dise\u00f1ado para ayudar a grupos y a individuos en su vecindario para adoptar una postura misional. Las doce lecciones del libro, construidas una sobre la siguiente, gu\u00edan al lector a trav\u00e9s de la teolog\u00eda y pr\u00e1ctica necesaria que se necesita para cultivar una vida misional.\t\t\n\t<a href=\"https:\/\/www.amazon.com\/gp\/product\/083415112X\/ref=as_li_qf_sp_asin_il_tl?ie=UTF8&#038;tag=christassocii-20&#038;camp=1789&#038;creative=9325&#038;linkCode=as2&#038;creativeASIN=083415112X&#038;linkId=99e963a3727b541c25e4d5cfa63d9376\" target=\"_blank\" role=\"button\" rel=\"noopener\" aria-label=\"compra este libro en amazon.com\">\n\t\t\t\tcompra este libro en amazon.com\n\t\t\t<\/a>\n\t\t\t\t<img decoding=\"async\" src=\"https:\/\/thedynamicadventure.com\/wp-content\/uploads\/sites\/8\/2017\/03\/righthererightnow-194x300.jpg\" alt=\"righthererightnow\" itemprop=\"image\" title=\"righthererightnow\" onerror=\"this.style.display='none'\"  \/>\n\t\t<h2>\n\t\t\tRight Here Right Now\n\t\t\t\t\t\t\t\t\t\t\tAlan Hirsch y Lance Ford\n\t\t<\/h2>\n\t\t\tAl usar ejemplos de la vida real, Alan y Lance ofrecen formas pr\u00e1cticas para \u00abCristianos comunes\u00bb para vivir emocionalmente ah\u00ed mismo, es decir donde sea que est\u00e9n. <em>Right Here Right Now<\/em>, es una lectura f\u00e1cil y sin tecnicismos para inspirarte a un compromiso misional, sin importar tu situaci\u00f3n, vocaci\u00f3n o locaci\u00f3n.\t\t\n\t<a href=\"https:\/\/www.amazon.com\/gp\/product\/0801072239\/ref=as_li_qf_sp_asin_il_tl?ie=UTF8&#038;tag=christassocii-20&#038;camp=1789&#038;creative=9325&#038;linkCode=as2&#038;creativeASIN=0801072239&#038;linkId=9298e44304ad92c6d43c09c3de19d6d3\" target=\"_blank\" role=\"button\" rel=\"noopener\" aria-label=\"compra este libro en amazon.com\">\n\t\t\t\tcompra este libro en amazon.com\n\t\t\t<\/a>\n\t\t\t\t<img decoding=\"async\" src=\"https:\/\/thedynamicadventure.com\/wp-content\/uploads\/sites\/8\/2017\/03\/disappearingchurch-196x300.jpg\" alt=\"disappearingchurch\" itemprop=\"image\" title=\"disappearingchurch\" onerror=\"this.style.display='none'\"  \/>\n\t\t<h2>\n\t\t\tDisappearing Church\n\t\t\t\t\t\t\t\t\t\t\tMark Sayers\n\t\t<\/h2>\n\t\t\tEl siempre pensante pero provocador pastor y comentarista social, Mark Sayers, nos lleva hacia un inmersi\u00f3n profunda en los asuntos de relevancia cultural as\u00ed como eclesiolog\u00eda. <em>Disappearing Church<\/em> nos llama a resistir la siempre presente tentaci\u00f3n de mezclar nuestra cultura (y al hacerlo, \u00abdesaparecer\u00bb) en vez de abrazar el testimonio contracultural de iglesia como esclavos del evangelio. Este corto libro es duro y directo, y sin embargo lleno de esperanza.\t\t\n\t<a href=\"https:\/\/www.amazon.com\/gp\/product\/0802413358\/ref=as_li_qf_sp_asin_il_tl?ie=UTF8&#038;tag=christassocii-20&#038;camp=1789&#038;creative=9325&#038;linkCode=as2&#038;creativeASIN=0802413358&#038;linkId=fc3f0ff1b17484c699fa15369ff8fac1\" target=\"_blank\" role=\"button\" rel=\"noopener\" aria-label=\"compra este libro en amazon.com\">\n\t\t\t\tcompra este libro en amazon.com\n\t\t\t<\/a>\n\t\t\t\t<img decoding=\"async\" src=\"https:\/\/thedynamicadventure.com\/wp-content\/uploads\/sites\/8\/2017\/03\/pgwtogether-199x300.jpg\" alt=\"pgwtogether\" itemprop=\"image\" title=\"pgwtogether\" onerror=\"this.style.display='none'\"  \/>\n\t\t<h2>\n\t\t\tPursuing God&#8217;s Will Together\n\t\t\t\t\t\t\t\t\t\t\tRuth Haley Barton\n\t\t<\/h2>\n\t\t\tPuesto de forma simple, una lectura obligatoria para l\u00edderes de iglesia y equipos de liderazgo. En <em>Pursuing God&#8217;s Will Together,<\/em> Ruth Haley Barton reta las pr\u00e1cticas que hemos adoptado inconscientemente desde el mundo de negocios, para liderar nuestras iglesias. Luego, ella propone un modelo alternativo &#8211; la comunidad espiritual que discierne la voluntad de Dios juntos &#8211; de la mano con pr\u00e1cticas grupales e individuales que refugien la escucha de Dios, juntos.\t\t\n\t<a href=\"https:\/\/www.amazon.com\/gp\/product\/0830835660\/ref=as_li_qf_sp_asin_il_tl?ie=UTF8&#038;tag=christassocii-20&#038;camp=1789&#038;creative=9325&#038;linkCode=as2&#038;creativeASIN=0830835660&#038;linkId=ac2659a901ec75d43be9d5de6b4a8375\" target=\"_blank\" role=\"button\" rel=\"noopener\" aria-label=\"compra este libro en amazon.com\">\n\t\t\t\tcompra este libro en amazon.com\n\t\t\t<\/a>\n\t\t<h2>\n\t\t\tPara una exploraci\u00f3n m\u00e1s a fondo\n\t\t<\/h2>\n\t<h3>Enlaces \u00datiles<\/h3>\n<p>&nbsp;<\/p>\n<p><strong><a href=\"https:\/\/www.theforgottenways.org\/what-is-apest.aspx\" target=\"_blank\" rel=\"noopener\">theforgottenways.org<\/a><\/strong> &#8211; una inmersi\u00f3n m\u00e1s profunda en todas las cosas APESM, con evaluaciones incluidad para equipos e individuos<\/p>\n<strong><a href=\"https:\/\/www.gallup.com\/cliftonstrengths\/es\/home.aspx\" target=\"_blank\" rel=\"noopener\">strengthsfinder.com<\/a><\/strong> &#8211; herramientas de evaluaci\u00f3n y recursos del talento<br \/>\n\n<strong><a href=\"https:\/\/www.transformingcenter.org\/\" target=\"_blank\" rel=\"noopener\">transformingcenter.org<\/a><\/strong> &#8211; herramientas para fortalecimiento de pastores, l\u00edderes, y las congregaciones para las que sirven<br \/>\n\n<p>&nbsp;<\/p>\n<p><strong><a href=\"https:\/\/www.transformingcenter.org\/in\/pgwt-book\/\" target=\"_blank\" rel=\"noopener\">pursuing God&#8217;s will together<\/a><\/strong> &#8211; m\u00e1s informaci\u00f3n sobre el libro de Ruth Haley Barton en grupos de discernimiento espiritual<\/p>\n<p><strong><a href=\"https:\/\/www.ignatianspirituality.com\/ignatian-prayer\/the-what-how-why-of-prayer\/praying-with-scripture\" target=\"_blank\" rel=\"noopener\">praying with scripture<\/a><\/strong> &#8211; explora lectio divina y la contemplaci\u00f3n del evangelio como significado para orar<\/p>\n<p><strong><a href=\"https:\/\/www.ignatianspirituality.com\/ignatian-prayer\/the-examen\" target=\"_blank\" rel=\"noopener\">the examen<\/a><\/strong> &#8211; caja de herramientas para la espiritualidad ignacia desde una perspectiva mon\u00e1stica nueva<\/p>\n<p><strong><a href=\"https:\/\/www.northumbriacommunity.org\/who-we-are\/our-rule-of-life\/what-is-a-rule-of-life\/\" target=\"_blank\" rel=\"noopener\">northumbriacommunity.org<\/a><\/strong> &#8211; informaci\u00f3n sobre las pr\u00e1cticas de la \u00abregla de vida\u00bb desde una perspectiva mon\u00e1stica nueva celta<\/p>\n<p><strong><a href=\"https:\/\/www.forgeamerica.com\/\" target=\"_blank\" rel=\"noopener\">forge america<\/a><\/strong> &#8211; centro de entrenamiento local establecido en EE. UU. para la vida misional<\/p>\n<p><strong><a href=\"https:\/\/www.forgeinternational.com\/\" target=\"_blank\" rel=\"noopener\">forge international<\/a><\/strong> &#8211; sitio global para centros de entrenamiento para la vida misional : Europa, Australia, Canad\u00e1<\/p>\n<p>&nbsp;<\/p>\n\t\t<h3>\n\t\t\t\u00fanete a la conversaci\u00f3n\n\t\t<\/h3>\n\t\t\tConecta con nosotros y otros que est\u00e1n en el viaje con la Aventura Din\u00e1mica.\t\t\n\t\t<link itemprop=\"url\" href=\"https:\/\/thedynamicadventure.com\"\/>\n\t\t<a itemprop=\"sameAs\" href=\"https:\/\/www.facebook.com\/Dynamic-Adventure-1391739340892345\/\" target=\"_blank\" title=\"Facebook\" aria-label=\"Facebook\" role=\"button\" rel=\"noopener\">\n\t\t\t\t\t<\/a>\n\t\t<link itemprop=\"url\" href=\"https:\/\/thedynamicadventure.com\"\/>\n\t\t<a itemprop=\"sameAs\" href=\"https:\/\/www.instagram.com\/thedynamicadventure\/\" target=\"_blank\" title=\"Instagram\" aria-label=\"Instagram\" role=\"button\" rel=\"noopener\">\n\t\t\t\t\t<\/a>\n\t\t<link itemprop=\"url\" href=\"https:\/\/thedynamicadventure.com\"\/>\n\t\t<a itemprop=\"sameAs\" href=\"https:\/\/thedynamicadventure.com\/connect\/\" target=\"_self\" title=\"Email\" aria-label=\"Email\" role=\"button\" rel=\"noopener\">\n\t\t\t\t\t<\/a>\n\t\t<link itemprop=\"url\" href=\"https:\/\/thedynamicadventure.com\"\/>\n\t\t<a itemprop=\"sameAs\" href=\"https:\/\/vimeo.com\/thedynamicadventure\" target=\"_blank\" title=\"Vimeo\" aria-label=\"Vimeo\" role=\"button\" rel=\"noopener\">\n\t\t\t\t\t<\/a>\n\t\t<h3>\n\t\t\tMen\u00fa\n\t\t<\/h3>\n\t\t<h3>\n\t\t\tmantente informado\n\t\t<\/h3>\n\t\t\tInscr\u00edbete para obtener Aventura Din\u00e1mica noticias, actualizaciones e informaci\u00f3n de eventos.\t\t\n\t\t\t\t<a href=\"https:\/\/thedynamicadventure.com\/\" target=\"_blank\" rel=\"noopener\" itemprop=\"url\">\n\t\t\t\t<img decoding=\"async\" src=\"https:\/\/thedynamicadventure.com\/wp-content\/uploads\/sites\/8\/2017\/03\/Communitas_International_Small.png\" alt=\"Communitas_International_Small\" itemprop=\"image\" title=\"Communitas_International_Small\" onerror=\"this.style.display='none'\"  \/>\n\t\t\t\t<\/a>\n\n","protected":false},"excerpt":{"rendered":"<p>recursos Libros, sitios web, y otros recursos que hemos encontrado en nuestros viajes. Libros Growing Local Missionaries Dan Steigerwald Una breve pero muy completo y equipado libro pr\u00e1ctico sobre acciones reales para el bien del mundo. Creciendo misioneros locales es una exploraci\u00f3n m\u00e1s completa de nuestra identidad como agentes del shalom de Dios, y las&hellip;<\/p>\n","protected":false},"author":124,"featured_media":0,"parent":0,"menu_order":0,"comment_status":"closed","ping_status":"closed","template":"","meta":{"_acf_changed":false,"footnotes":""},"class_list":["post-583","page","type-page","status-publish","hentry"],"acf":[],"_links":{"self":[{"href":"https:\/\/thedynamicadventure.com\/es\/wp-json\/wp\/v2\/pages\/583","targetHints":{"allow":["GET"]}}],"collection":[{"href":"https:\/\/thedynamicadventure.com\/es\/wp-json\/wp\/v2\/pages"}],"about":[{"href":"https:\/\/thedynamicadventure.com\/es\/wp-json\/wp\/v2\/types\/page"}],"author":[{"embeddable":true,"href":"https:\/\/thedynamicadventure.com\/es\/wp-json\/wp\/v2\/users\/124"}],"replies":[{"embeddable":true,"href":"https:\/\/thedynamicadventure.com\/es\/wp-json\/wp\/v2\/comments?post=583"}],"version-history":[{"count":0,"href":"https:\/\/thedynamicadventure.com\/es\/wp-json\/wp\/v2\/pages\/583\/revisions"}],"wp:attachment":[{"href":"https:\/\/thedynamicadventure.com\/es\/wp-json\/wp\/v2\/media?parent=583"}],"curies":[{"name":"wp","href":"https:\/\/api.w.org\/{rel}","templated":true}]}}