{"id":688,"date":"2021-09-24T03:38:54","date_gmt":"2021-09-24T03:38:54","guid":{"rendered":"https:\/\/thedynamicadventure.com\/chi-siamo\/una-lingua-comune\/"},"modified":"2021-11-04T09:12:27","modified_gmt":"2021-11-04T09:12:27","slug":"una-lingua-comune","status":"publish","type":"page","link":"https:\/\/thedynamicadventure.com\/it\/chi-siamo\/una-lingua-comune\/","title":{"rendered":"Una Lingua Comune"},"content":{"rendered":"\n\n\t\t<h2>\n\t\t\tUn punto di partenza comune\n\t\t<\/h2>\n\t\t\t<p>Tutti ci portiamo dietro la nostra comprensione della lingua e della cultura, quindi vogliamo essere sicuri di avere un punto di partenza comune. Crediamo sia importante chiarire il nostro linguaggio e condividere i nostri presupposti di base.<\/p>\t\t\n\t<p>In <strong>Avventura Dinamica<\/strong>, usiamo determinate parole che hanno diversi significati a seconda del contesto nel quale vengono inserite. Vogliamo essere chiari fin da subito riguardo a cosa intendiamo con queste parole:<\/p>\n\t\t\t\t\t\t\t\tChiesa\n\t\t\t\t<p>Difficilmente possiamo parlare della fondazione di chiese senza fermarci un attimo per capire come stiamo definendo la parola. Ci prenderemo un po&#8217; di tempo per spiegare ci\u00f2 che intendiamo con questo, poich\u00e9 la missione di Communitas \u00e8 seguire Ges\u00f9 per creare questi corpi locali che chiamiamo chiese.<\/p>\n<p>Dunque, cosa \u00e8 &#8220;chiesa&#8221; al suo livello pi\u00f9 elementare? A.W. Tozer inizi\u00f2 il suo libro &#8220;The Knowledge of the Holy&#8221; (&#8220;La Conoscenza del Santo&#8221; N.d.T.) con le parole &#8220;Ci\u00f2 che ci viene in mente quando pensiamo a Dio \u00e8 la cosa pi\u00f9 importante che ci riguarda&#8221;. Con questo voleva dire che le nostre esperienze, circostante ed informazioni uniche si combinano per formare quella che \u00e8 la nostra percezione dell&#8217;Onnipotente. Lo stesso avviene per le nostre definizioni di chiesa. Ci\u00f2 che abbiamo personalmente sperimentato, imparato da studi biblici, come la nostra cultura ci ha abituati a pensare e molti altri fattori unici per ognuno di noi &#8211; tutto questo converge nel formare in noi una percezione di ci\u00f2 che la chiesa dovrebbe essere. <\/p>\n<p>In molti casi la parola chiesa ci riporta alla mente un sito o un luogo dove si svolgono regolari servizi di lode, insegnamenti ed eventi spirituali. La nostra mente, tra le tante parole, va anche in direzione di diversi termini come semplice, affiliato, chiesa in casa, mega-chiesa, contemporanea, liturgica, emotiva &#8211; e s\u00ec, perfino missionaria -. Crediamo che Dio usi diversi tipi di chiesa e un&#8217;infinita variet\u00e0 di approcci alla chiesa col fine di raggiungere il Suo scopo nel mondo. Ma n\u00e8 la forma n\u00e8 l&#8217;approccio sono ci\u00f2 su cui vogliamo focalizzarci nella nostra definizione di chiesa.<\/p>\n<p>Invece, vorremmo evidenziare le funzioni elementali che crediamo comprendono la chiesa. Crediamo principalmente che esista un&#8217;espressione della chiesa quando sono presenti tre funzioni di base: comunione, comunit\u00e0 e missione. Prendi un gruppo di persone che sperimentano Dio, si impegnano in una comunit\u00e0 redentrice e collaborano con Ges\u00f9 nell&#8217;opera del Suo regno, e questa \u00e8 un&#8217;espressione della chiesa.  La bellezza di questa ossatura \u00e8 che comprende ogni tipo di chiesa, dal gruppo organico di base a Madrid, in Spagna, che ha un impatto sulla comunit\u00e0 degli artisti, alla chiesa internazionale di 2000 membri con tre grandi servizi ad Amsterdam, Paesi Bassi. Si adatta alla comunit\u00e0 di St. Paul, negli Stati Uniti, che, servendo i pi\u00f9 bisognosi della citt\u00e0, sta portando le persone nella comunione e nella comunit\u00e0 centrate su Cristo, proprio come si adatta a un gruppo a San Paolo, in Brasile, che raccoglie video di insegnamento biblico, vivendo e servendo insieme.<\/p>\n<p>Abbiamo scoperto che rimanere concentrati sulle funzioni di comunione, comunit\u00e0 e missione e consentire uno sviluppo organico nel contesto \u00e8 incredibilmente liberatorio per i fondatori delle chiese di tutto il mondo. Le squadre possono concentrarsi sulla pratica degli elementi di comunione, comunit\u00e0 e missione, e queste attivit\u00e0 preparano il terreno per la nascita delle espressioni della chiesa. Dal concepimento alla nascita, dall&#8217;infanzia all&#8217;adolescenza e oltre, anche le chiese crescono e cambiano.<\/p>\n<p>Tuttavia, la nostra convinzione \u00e8 che la comunit\u00e0, la comunione e la missione dovrebbero essere al centro di qualsiasi chiesa sana, indipendentemente dallo stadio della vita. Ci\u00f2 che probabilmente cambier\u00e0 \u00e8 il modo in cui queste funzioni sono espresse in una data fase, non se sono presenti. Nei capitoli quattro e cinque, diamo uno sguardo pi\u00f9 da vicino a come team e chiese possano esprimere queste tre funzioni vitali in modo unico.<\/p>\n\t\t\t\t\t\t\t\tMissionaria\n\t\t\t\t<p>Noi usiamo il termine &#8220;missionaria&#8221;. Non \u00e8 una parola popolare in molte culture, e per delle buone ragioni. A volte la Chiesa si \u00e8 unita allo Stato per mandare missionari che hanno consegnato una mescolanza confusa di religione, Ges\u00f9, e cultura occidentale. Nel peggiore dei casi, ci\u00f2 ha portato allo sfruttamento di persone straniere piuttosto che a trovare Dio al lavoro in loro. Torniamo all&#8217;origine del significato della parola: &#8220;che \u00e8 mandata&#8221;. Non parliamo di mandare in una terra lontana o a persone lontane, ma semplicemente di qualcuno mandato da Dio, nel nome di Ges\u00f9, per annunciare la buona notizia di Dio, sia in parole che in opere. Utilizzando questa guida, permettiamo alla parola &#8220;missionaria&#8221; di caricarsi del suo significato positivo; pensiamo all&#8217;Apostolo Paolo, che fece eco all&#8217;antica frase &#8220;Quanto sono belli i piedi del portatore di buone notizie&#8221;. (Romani 10:15)<\/p>\n\t\t\t\t\t\t\t\tIniziativa Missionaria\n\t\t\t\t<p>Questo \u00e8 uno sforzo di tutto il team in una citt\u00e0, per seminare intenzionalmente il terreno per far crescere comunit\u00e0 che potrebbero diventare nuove chiese o espressioni di chiesa. In Communitas crediamo che iniziative missionarie e progetti simili giochino un ruolo vitale nella preparazione del terreno per la Fondazione di chiese.<\/p>\n\t\t\t\t\t\t\t\tLeadership\n\t\t\t\t<p>L&#8217;autore Ken Blanchard definisce la leadership come la capacit\u00e0 di influenzare le persone (<a href=\"https:\/\/www.kenblanchard.com\/\">Ken Blanchard, Leading at a Higher Level, xvi<\/a>). Copriamo questo soggetto con profondit\u00e0 nel capitolo sei; tuttavia, vogliamo affermare chiaramente che crediamo che tutti possano esercitare influenza in qualche modo. Non \u00e8 una funzione elitaria. Una buona leadership in realt\u00e0 d\u00e0 il permesso a ogni persona di portare una voce sana e d&#8217;influenza al team. In questo libro, quando menzioniamo la leadership, stiamo parlando di persone che esercitano influenza e prendono decisioni*. *Quando come Communitas entriamo in una determinata citt\u00e0 per fondare una chiesa, non insistiamo sul fatto che un &#8220;team leader&#8221; entri in scena per iniziare le cose; piuttosto, incoraggiamo i team missionari a coinvolgere il loro contesto e iniziare a imparare il pi\u00f9 possibile sull&#8217;ambiente locale. Un team leader adeguatamente dotato sar\u00e0 spesso richiesto quando un&#8217;iniziativa missionaria acquisisce slancio. Ad ogni modo, Communitas crede che l&#8217;espressione del Regno di Cristo sulla terra non dipenda da superstar. Apprezziamo ogni passo di fede che un team fa per preparare il terreno per l&#8217;emergere di chiese locali &#8211; non si sa mai cosa far\u00e0 Ges\u00f9 attraverso uomini e donne fedeli che coinvolgono il loro contesto!<\/p>\n\t\t\t\t\t\t\t\tTeam\n\t\t\t\t<p>In tutta la guida ci riferiremo a un team. Potrebbe trattarsi di un piccolo gruppo, un collegio di anziani, un gruppo fondatore di chiesa o un gruppo di persone con una speranza simile. Puoi scegliere di definire il team come desideri, ma supponiamo che tu stia lavorando su questo libro con altri che hanno speranze e sogni simili.<\/p>\n\t\t<h3>\n\t\t\tunisciti alla conversazione\n\t\t<\/h3>\n\t\t\t<p>Connettiti con noi e con gli altri che sono in viaggio con Avventura Dinamica.<\/p>\t\t\n\t\t<link itemprop=\"url\" href=\"https:\/\/thedynamicadventure.com\"\/>\n\t\t<a itemprop=\"sameAs\" href=\"https:\/\/www.facebook.com\/Dynamic-Adventure-1391739340892345\/\" target=\"_blank\" title=\"Facebook\" aria-label=\"Facebook\" role=\"button\" rel=\"noopener\">\n\t\t\t\t\t<\/a>\n\t\t<link itemprop=\"url\" href=\"https:\/\/thedynamicadventure.com\"\/>\n\t\t<a itemprop=\"sameAs\" href=\"https:\/\/www.instagram.com\/thedynamicadventure\/\" target=\"_blank\" title=\"Instagram\" aria-label=\"Instagram\" role=\"button\" rel=\"noopener\">\n\t\t\t\t\t<\/a>\n\t\t<link itemprop=\"url\" href=\"https:\/\/thedynamicadventure.com\"\/>\n\t\t<a itemprop=\"sameAs\" href=\"https:\/\/thedynamicadventure.com\/it\/connettiti\" target=\"_self\" title=\"Email\" aria-label=\"Email\" role=\"button\" rel=\"noopener\">\n\t\t\t\t\t<\/a>\n\t\t<link itemprop=\"url\" href=\"https:\/\/thedynamicadventure.com\"\/>\n\t\t<a itemprop=\"sameAs\" href=\"https:\/\/vimeo.com\/thedynamicadventure\" target=\"_self\" title=\"Vimeo\" aria-label=\"Vimeo\" role=\"button\" rel=\"noopener\">\n\t\t\t\t\t<\/a>\n\t\t<h3>\n\t\t\tMenu\n\t\t<\/h3>\n\t\t<h3>\n\t\t\trimani in contatto\n\t\t<\/h3>\n\t\t\t<p>Iscriviti per ricevere notizie, aggiornamenti e informazioni sugli eventi di Avventura Dinamica.<\/p>\t\t\n\t\t\t\t<a href=\"https:\/\/thedynamicadventure.com\/\" target=\"_blank\" rel=\"noopener\" itemprop=\"url\">\n\t\t\t\t<img decoding=\"async\" src=\"https:\/\/dynamicadv.wpengine.com\/wp-content\/uploads\/sites\/8\/2017\/03\/Communitas_International_Small.png\" alt=\"Communitas_International_Small\" itemprop=\"image\" title=\"Communitas_International_Small\" onerror=\"this.style.display='none'\"  \/>\n\t\t\t\t<\/a>\n\n","protected":false},"excerpt":{"rendered":"<p>Un punto di partenza comune Tutti ci portiamo dietro la nostra comprensione della lingua e della cultura, quindi vogliamo essere sicuri di avere un punto di partenza comune. Crediamo sia importante chiarire il nostro linguaggio e condividere i nostri presupposti di base. In Avventura Dinamica, usiamo determinate parole che hanno diversi significati a seconda del&hellip;<\/p>\n","protected":false},"author":124,"featured_media":0,"parent":687,"menu_order":0,"comment_status":"closed","ping_status":"closed","template":"","meta":{"_acf_changed":false,"footnotes":""},"class_list":["post-688","page","type-page","status-publish","hentry"],"acf":[],"_links":{"self":[{"href":"https:\/\/thedynamicadventure.com\/it\/wp-json\/wp\/v2\/pages\/688","targetHints":{"allow":["GET"]}}],"collection":[{"href":"https:\/\/thedynamicadventure.com\/it\/wp-json\/wp\/v2\/pages"}],"about":[{"href":"https:\/\/thedynamicadventure.com\/it\/wp-json\/wp\/v2\/types\/page"}],"author":[{"embeddable":true,"href":"https:\/\/thedynamicadventure.com\/it\/wp-json\/wp\/v2\/users\/124"}],"replies":[{"embeddable":true,"href":"https:\/\/thedynamicadventure.com\/it\/wp-json\/wp\/v2\/comments?post=688"}],"version-history":[{"count":0,"href":"https:\/\/thedynamicadventure.com\/it\/wp-json\/wp\/v2\/pages\/688\/revisions"}],"up":[{"embeddable":true,"href":"https:\/\/thedynamicadventure.com\/it\/wp-json\/wp\/v2\/pages\/687"}],"wp:attachment":[{"href":"https:\/\/thedynamicadventure.com\/it\/wp-json\/wp\/v2\/media?parent=688"}],"curies":[{"name":"wp","href":"https:\/\/api.w.org\/{rel}","templated":true}]}}