{"id":738,"date":"2021-11-01T03:04:55","date_gmt":"2021-11-01T03:04:55","guid":{"rendered":"https:\/\/thedynamicadventure.com\/home\/"},"modified":"2021-11-02T19:47:48","modified_gmt":"2021-11-02T19:47:48","slug":"home","status":"publish","type":"page","link":"https:\/\/thedynamicadventure.com\/it\/","title":{"rendered":"Home"},"content":{"rendered":"\n\n\t\t\t\t<h1>Ci sono altri modi per essere chiesa?<\/h1>\t\t\t\n\t\t\t\t<h1>Cosa significa &#8220;essere chiesa&#8221;?<\/h1>\t\t\t\n\t\t\t\t<h1>Come la mia chiesa pu\u00f2 essere pi\u00f9 missionale?<\/h1>\t\t\t\n\t\t\t\t<h1>C&#8217;\u00e8 qualcun altro che si pone questa domanda?<\/h1>\t\t\t\n\t<p>Queste sono domande importanti. \u00a0<\/p>\n<p>Se stai cercando risposte, non sei da solo.<\/p>\n\t<a href=\"#abouttheguide\" target=\"_self\" role=\"button\" aria-label=\"scopri di pi\u00f9\" rel=\"noopener\">\n\t\t\t\tscopri di pi\u00f9\n\t\t\t<\/a>\n\t\t<h2>\n\t\t\ttu hai una guida\n\t\t<\/h2>\n\t\t\tIniziare o dare forma a un&#8217;espressione missionaria della chiesa \u00e8 un&#8217;avventura incredibile ed imprevedibile. Non ci sono mappe di dove stai andando. Hai bisogno di una guida esperta.\n<strong>Avventura Dinamica: Una guida per Fondare e Modellare Chiese missionali,<\/strong> \u00e8 la guida pratica per il tuo team per questo viaggio.\t\t\n\t\t\t<a href=\"https:\/\/dynamicadv.wpengine.com\/guide\/\" role=\"button\" target=\"_self\" onclick=\"\" rel=\"noopener\">\n\t\t\t\t\t\t\t\t\t\t\t\t\t\t\t\t\t\tEsplora la Guida\n\t\t\t\t\t\t\t<\/a>\n\t\t\t<a href=\"mailto:Italia@GoCommunitas.org\" role=\"button\" target=\"_blank\" onclick=\"\" rel=\"noopener\">\n\t\t\t\t\t\t\t\t\t\t\t\t\t\t\t\t\t\tCompra la Guida\n\t\t\t\t\t\t\t<\/a>\n\t\t\t\t\t\t\t\t\t\t<img decoding=\"async\" src=\"https:\/\/thedynamicadventure.com\/wp-content\/uploads\/sites\/8\/2021\/11\/DA_book_stack_IT-3.png\" alt=\"ES_LA-DAbook\" itemprop=\"image\"  \/>\n\t\t<h3>\n\t\t\tAvventura Dinamica \u00e8 un approccio unico per le chiese missionali\n\t\t<\/h3>\n\t\t<h2>\n\t\t\tLe Basi\n\t\t\t\t\t\t\t\t\t\t\tPrepararsi per il Viaggio\n\t\t<\/h2>\n\t\t\t<p>Iniziamo costruendo una buona base. Vogliamo che tu e la tua squadra andiate avanti armati di una buona comprensione del significato e della rilevanza delle sei dinamiche della fondazione di chiese. Vogliamo anche attingere alla fonte della nostra motivazione e passione che riguarda il modo in cui vediamo noi stessi: la nostra identit\u00e0 di figli di Dio e collaboratori nella missione di Cristo.<\/p>\t\t\n\t\t<h2>\n\t\t\tVivere il Luogo\n\t\t\t\t\t\t\t\t\t\t\tTrasferirsi e vivere\n\t\t<\/h2>\n\t\t\t<p>Le prime due dinamiche: <em><strong>integrare<\/strong><\/em> e <em><strong>iniziare<\/strong><\/em>. Queste due dinamiche lavorano insieme per attivare il nostro DNA missionario, quel nucleo interno della nostra chiamata missionaria e la sua espressione verso l&#8217;esterno. Integrare e iniziare sono importanti dinamiche di avvio per una comunit\u00e0 di fede missionaria, ma devono essere continuamente coltivate per tutta la vita di qualsiasi chiesa sana.<\/p>\t\t\n\t\t<h2>\n\t\t\tAndare nello specifico\n\t\t\t\t\t\t\t\t\t\t\tFormare chi siamo\n\t\t<\/h2>\n\t\t\t<p>In questa fase i tempi sono maturi per scavare in profondit\u00e0 e concordare la nostra identit\u00e0 comunitaria e il modo di vivere insieme, in modo che possiamo non solo formare una comunit\u00e0 sostenibile, ma anche essere formati come persone che pensano, agiscono e si prendono cura come Ges\u00f9. Le dinamiche <strong><em>praticare<\/em><\/strong> e <em><strong>maturare<\/strong><\/em> ci aiutano a crescere in una chiesa accessibile, autogovernata e autosufficiente.<\/p>\t\t\n\t\t<h2>\n\t\t\tAndare Lontano\n\t\t\t\t\t\t\t\t\t\t\tEspandere i nostri orizzonti\n\t\t<\/h2>\n\t\t\t<p>Dio desidera che il mondo intero ascolti la buona novella! Allora come possiamo noi, un piccolo gruppo di discepoli in un luogo specifico, promuovere la moltiplicazione delle iniziative missionarie e delle nuove espressioni della chiesa dentro e fuori la nostra citt\u00e0? Le dinamiche<\/p>\n<p><em><strong>collegare<\/strong><\/em> ed <em><strong>espandere<\/strong><\/em> ci aiutano a collaborare con gli altri per seminare nuova vita vicino e lontano.<\/p>\t\t\n\t\t<h2>\n\t\t\tVuoi conoscere di pi\u00f9 sulla guida?\n\t\t<\/h2>\n\t\t\tEsplora la guida guardando alcune delle sue pagine.\t\t\n\t<a href=\"https:\/\/dynamicadv.wpengine.com\/it\/la-guida\/\" target=\"_self\" role=\"button\" aria-label=\"esplora la guida\" rel=\"noopener\">\n\t\t\t\tesplora la guida\n\t\t\t<\/a>\n\t\t\t\t<h2>Cosa dicono le persone<\/h2>\n\t\t\t\t\t\t\t\t\t\t\t\t\t\t\t\t\t<h3>Alan Hirsch<\/h3>\n\t\t\t\t\t\t\t\t\t\t\t\t\t\t\t\t\t\t\t\t\t\t\t\t\t<h4>pluripremiato autore su leadership e missione<\/h4>\n\t\t\t\t\t\t\t\t\t\t\t\t\t\t<p>&#8220;Amo ci\u00f2 che le mie sorelle e i miei fratelli di Communitas International stanno facendo per formare e sviluppare i fondatori di chiese e i missionari nella modalit\u00e0 dell&#8217;incarnazione. Il materiale qui articolato \u00e8 stato elaborato attraverso decenni di esperienza nel contesto incandescente della missione nei luoghi pi\u00f9 difficili della cultura occidentale. Facciamo bene a prestare attenzione e imparare da loro.&#8221;<\/p>\n\t\t\t\t\t\t\t\t\t\t\t\t\t\t\t\t\t<h3>Geoff Rinehart<\/h3>\n\t\t\t\t\t\t\t\t\t\t\t\t\t\t\t\t\t\t\t\t\t\t\t\t\t<h4>Fondatore di Chiese &#8211; Spokane, WA<\/h4>\n\t\t\t\t\t\t\t\t\t\t\t\t\t\t<p>&#8220;Un gruppo di pastori e leader per lo sviluppo della comunit\u00e0 ha iniziato a sperimentare un&#8217;edizione pre-release dell&#8217;avventura dinamica diversi mesi fa. Stiamo gi\u00e0 assistendo alla trasformazione di persone, quartieri e chiese. Sebbene la guida non sia un manuale di soluzioni rapide, le verit\u00e0 e gli esercizi in essa contenuti sono efficaci ed efficaci. Siamo entusiasti di vedere dove questo ci porta nei nostri viaggi verso la vita missionaria.&#8221;<\/p>\n\t\t\t\t\t\t\t\t\t\t\t\t\t\t\t\t\t<h3>Leon Longard<\/h3>\n\t\t\t\t\t\t\t\t\t\t\t\t\t\t\t\t\t\t\t\t\t\t\t\t\t<h4>Pastore\/Team Leader, Indianapolis, IN<\/h4>\n\t\t\t\t\t\t\t\t\t\t\t\t\t\t<p>&#8220;Anche se stavamo gi\u00e0 perseguendo una visione missionaria come comunit\u00e0 di fede, Avventura dinamica \u00e8 stato uno strumento utile per portare tutti sulla stessa pagina per capire cosa intendiamo quando ci definiamo missionari. Gli esercizi hanno aiutato a mantenere tutti coinvolti rispetto ad un approccio di lezione standard per impartire una visione. L&#8217;esercizio &#8220;Cos&#8217;\u00e8 la Chiesa?&#8221; ci ha ricordato che possiamo essere liberi di lasciar andare le nostre convinzioni su cosa significhi essere una chiesa e concentrarci sulle forme che si adattano alla nostra missione e alla nostra identit\u00e0 unica.&#8221;<\/p>\n\t\t\t\t<!-- \/.pp-testimonials -->\n\t\t<h3>\n\t\t\tunisciti alla conversazione\n\t\t<\/h3>\n\t\t\t<p>Connettiti con noi e con gli altri che sono in viaggio con Avventura Dinamica.<\/p>\t\t\n\t\t<link itemprop=\"url\" href=\"https:\/\/thedynamicadventure.com\"\/>\n\t\t<a itemprop=\"sameAs\" href=\"https:\/\/www.facebook.com\/Dynamic-Adventure-1391739340892345\/\" target=\"_blank\" title=\"Facebook\" aria-label=\"Facebook\" role=\"button\" rel=\"noopener\">\n\t\t\t\t\t<\/a>\n\t\t<link itemprop=\"url\" href=\"https:\/\/thedynamicadventure.com\"\/>\n\t\t<a itemprop=\"sameAs\" href=\"https:\/\/www.instagram.com\/thedynamicadventure\/\" target=\"_blank\" title=\"Instagram\" aria-label=\"Instagram\" role=\"button\" rel=\"noopener\">\n\t\t\t\t\t<\/a>\n\t\t<link itemprop=\"url\" href=\"https:\/\/thedynamicadventure.com\"\/>\n\t\t<a itemprop=\"sameAs\" href=\"https:\/\/thedynamicadventure.com\/it\/connettiti\" target=\"_self\" title=\"Email\" aria-label=\"Email\" role=\"button\" rel=\"noopener\">\n\t\t\t\t\t<\/a>\n\t\t<link itemprop=\"url\" href=\"https:\/\/thedynamicadventure.com\"\/>\n\t\t<a itemprop=\"sameAs\" href=\"https:\/\/vimeo.com\/thedynamicadventure\" target=\"_self\" title=\"Vimeo\" aria-label=\"Vimeo\" role=\"button\" rel=\"noopener\">\n\t\t\t\t\t<\/a>\n\t\t<h3>\n\t\t\tMenu\n\t\t<\/h3>\n\t\t<h3>\n\t\t\trimani in contatto\n\t\t<\/h3>\n\t\t\t<p>Iscriviti per ricevere notizie, aggiornamenti e informazioni sugli eventi di Avventura Dinamica.<\/p>\t\t\n\t\t\t\t<a href=\"https:\/\/thedynamicadventure.com\/\" target=\"_blank\" rel=\"noopener\" itemprop=\"url\">\n\t\t\t\t<img decoding=\"async\" src=\"https:\/\/thedynamicadventure.com\/wp-content\/uploads\/sites\/8\/2017\/03\/Communitas_International_Small.png\" alt=\"Communitas_International_Small\" itemprop=\"image\" title=\"Communitas_International_Small\" onerror=\"this.style.display='none'\"  \/>\n\t\t\t\t<\/a>\n\n","protected":false},"excerpt":{"rendered":"<p>Ci sono altri modi per essere chiesa? Cosa significa &#8220;essere chiesa&#8221;? Come la mia chiesa pu\u00f2 essere pi\u00f9 missionale? C&#8217;\u00e8 qualcun altro che si pone questa domanda? Queste sono domande importanti. \u00a0 Se stai cercando risposte, non sei da solo. scopri di pi\u00f9 tu hai una guida Iniziare o dare forma a un&#8217;espressione missionaria della&hellip;<\/p>\n","protected":false},"author":124,"featured_media":0,"parent":0,"menu_order":0,"comment_status":"closed","ping_status":"closed","template":"","meta":{"_acf_changed":false,"footnotes":""},"class_list":["post-738","page","type-page","status-publish","hentry"],"acf":[],"_links":{"self":[{"href":"https:\/\/thedynamicadventure.com\/it\/wp-json\/wp\/v2\/pages\/738","targetHints":{"allow":["GET"]}}],"collection":[{"href":"https:\/\/thedynamicadventure.com\/it\/wp-json\/wp\/v2\/pages"}],"about":[{"href":"https:\/\/thedynamicadventure.com\/it\/wp-json\/wp\/v2\/types\/page"}],"author":[{"embeddable":true,"href":"https:\/\/thedynamicadventure.com\/it\/wp-json\/wp\/v2\/users\/124"}],"replies":[{"embeddable":true,"href":"https:\/\/thedynamicadventure.com\/it\/wp-json\/wp\/v2\/comments?post=738"}],"version-history":[{"count":0,"href":"https:\/\/thedynamicadventure.com\/it\/wp-json\/wp\/v2\/pages\/738\/revisions"}],"wp:attachment":[{"href":"https:\/\/thedynamicadventure.com\/it\/wp-json\/wp\/v2\/media?parent=738"}],"curies":[{"name":"wp","href":"https:\/\/api.w.org\/{rel}","templated":true}]}}