{"id":783,"date":"2021-11-01T03:15:43","date_gmt":"2021-11-01T03:15:43","guid":{"rendered":"https:\/\/thedynamicadventure.com\/la-guida\/"},"modified":"2021-11-02T19:29:41","modified_gmt":"2021-11-02T19:29:41","slug":"la-guida","status":"publish","type":"page","link":"https:\/\/thedynamicadventure.com\/it\/la-guida\/","title":{"rendered":"La guida"},"content":{"rendered":"\n\n\t\t<h2>\n\t\t\tLa guida\n\t\t<\/h2>\n\t\t\tIniziare e dare forma a un&#8217;espressione missionaria della chiesa \u00e8 un&#8217;avventura articolata ed imprevedibile. Non ci sono mappe per dove stai andando. Serve una guida esperta.\t\t\n\t\t<h3>\n\t\t\tsulla guida\n\t\t<\/h3>\n\t\t\t<strong>Avventura Dinamica<\/strong> \u00e8 una guida per il viaggio della tua squadra nello strano e sconosciuto territorio dell&#8217;iniziare o del plasmare un&#8217;espressione missionaria della chiesa. \u00c8 piena di storie di vita reale sul campo e oltre cinquanta esercizi pratici per guidarti mentre impari e applichi al tuo contesto unico le sei dinamiche dell&#8217;approccio di Communitas International alla fondazione di chiese missionarie: Integrare, Iniziare, Praticare, Maturare, Collegare ed Estendere.\nSia che tu sia appena partito o che sia in viaggio da molti anni, Avventura Dinamica \u00e8 uno strumento inestimabile per aiutarti a coinvolgere l&#8217;ambiente circostante, maturare come comunit\u00e0 di fede e approfondire l&#8217;impatto del Regno.\t\t\n\t\t<h3>\n\t\t\tPer chi \u00e8?\n\t\t<\/h3>\n\t\t\t<strong>Avventura Dinamica<\/strong> non \u00e8 un libro di testo, \u00e8 una cartella di lavoro progettata per promuovere l&#8217;azione! \u00c8 una risorsa unica specificamente progettata per aiutare gruppi di persone a iniziare e modellare un&#8217;espressione missionaria della chiesa:\n\u2022 gruppi informali di &#8220;sognatori&#8221; che sognano di avere un impatto nella loro citt\u00e0\n\u2022 comunit\u00e0 missionali\n\u2022 team di fondazione di chiese\n\u2022 leadership team o consigli di chiese esistenti\n\u2022 gruppi per la formazione pastorale\n\u2022 programmi accademici\n\u2022 gruppi di studio per pionieri missionari\nIndipendentemente dalle dimensioni o dalla natura del tuo gruppo, <strong>Avventura Dinamica<\/strong> fornisce la struttura per interagire, immaginare e implementare un approccio missionario per essere chiesa insieme.\t\t\n\t\t\t\t<img decoding=\"async\" src=\"https:\/\/thedynamicadventure.com\/wp-content\/uploads\/sites\/8\/2021\/11\/DA_book_stack_IT-1.png\" alt=\"DAnew5\" itemprop=\"image\" title=\"DAnew5\" onerror=\"this.style.display='none'\"  \/>\n\t\t\t<a href=\"mailto:Italia@GoCommunitas.org\" role=\"button\" target=\"_blank\" onclick=\"\" rel=\"noopener\">\n\t\t\t\t\t\t\t\t\t\t\t\t\t\t\t\t\t\tCompra la guida\n\t\t\t\t\t\t\t<\/a>\n\t\t\t<a href=\"https:\/\/dynamicadv.wpengine.com\/it\/un-estratto-della-guida\/\" role=\"button\" target=\"_self\" onclick=\"\" rel=\"noopener\">\n\t\t\t\t\t\t\t\t\t\t\t\t\t\t\t\t\t\tUn Estratto della Guida\n\t\t\t\t\t\t\t<\/a>\n\t\t<h4>\n\t\t\tIl Team\n\t\t<\/h4>\n\t\t\tAvventura Dinamica \u00e8 il frutto di uno sforzo collaborativo di un team di scrittori che abbraccia nove fusi orari, pi\u00f9 culture e numerose discipline. Il team ha raccolto le lezioni apprese dai quasi 50 anni di esperienza di Communitas International nella fondazione di chiese nella cultura occidentale.\t\t\n                        <a href=\"https:\/\/www.linkedin.com\/in\/dan-steigerwald-3b561b7\/\" target=\"_blank\" rel=\"noopener\">\n                        <img decoding=\"async\" src=\"https:\/\/dynamicadv.wpengine.com\/wp-content\/uploads\/sites\/8\/2017\/03\/dansteigerwald.jpg\" alt=\"dansteigerwald\" itemprop=\"image\" title=\"dansteigerwald\"  \/>\n                        <\/a>\n\t\t                <a href=\"https:\/\/www.linkedin.com\/in\/dan-steigerwald-3b561b7\/\" target=\"_blank\" rel=\"noopener\">\n                    <h4>Daniel Steigerwald<\/h4>\n                <\/a>\n        \t\t        \t\t        \tDan aiuta i leader e le chiese a trovare prospettive creative, processi e connessioni che consentano loro di maturare e moltiplicare la comunit\u00e0 shalom.\n<a href=\"https:\/\/www.linkedin.com\/in\/dan-steigerwald-3b561b7\/\" target=\"_blank\" rel=\"noopener\">Connettiti con Dan<\/a>\n                        <a href=\"https:\/\/www.linkedin.com\/in\/deborah-loyd-b1b25bb\/\" target=\"_blank\" rel=\"noopener\">\n                        <img decoding=\"async\" src=\"https:\/\/dynamicadv.wpengine.com\/wp-content\/uploads\/sites\/8\/2017\/03\/debloyd.jpg\" alt=\"debloyd\" itemprop=\"image\" title=\"debloyd\"  \/>\n                        <\/a>\n\t\t                <a href=\"https:\/\/www.linkedin.com\/in\/deborah-loyd-b1b25bb\/\" target=\"_blank\" rel=\"noopener\">\n                    <h4>Deborah Loyd<\/h4>\n                <\/a>\n        \t\t        \t\t        \tDeborah aiuta gli individui e le chiese a scoprire la loro passione in modo che possano vivere i loro punti di forza e fare la differenza nella vita delle persone e quindi del mondo.\n<a href=\"https:\/\/www.linkedin.com\/in\/deborah-loyd-b1b25bb\/\" target=\"_blank\" rel=\"noopener\">Connettiti con Deborah<\/a>\n                        <a href=\"https:\/\/www.linkedin.com\/in\/april-te-grootenhuis-crull-57210741\/\" target=\"_blank\" rel=\"noopener\">\n                        <img decoding=\"async\" src=\"https:\/\/dynamicadv.wpengine.com\/wp-content\/uploads\/sites\/8\/2017\/03\/aprilcrull.jpg\" alt=\"aprilcrull\" itemprop=\"image\" title=\"aprilcrull\"  \/>\n                        <\/a>\n\t\t                <a href=\"https:\/\/www.linkedin.com\/in\/april-te-grootenhuis-crull-57210741\/\" target=\"_blank\" rel=\"noopener\">\n                    <h4>April Te Grootenhuis Crull<\/h4>\n                <\/a>\n        \t\t        \t\t        \tApril avvia e sostiene le comunit\u00e0 missionarie in Spagna, specializzate nello sviluppo della cultura a tutti i livelli.\n<a href=\"https:\/\/www.linkedin.com\/in\/april-te-grootenhuis-crull-57210741\/\" target=\"_blank\" rel=\"noopener\">Connettiti con April<\/a>\n                        <a href=\"https:\/\/www.mikekuder.com\" target=\"_blank\" rel=\"noopener\">\n                        <img decoding=\"async\" src=\"https:\/\/dynamicadv.wpengine.com\/wp-content\/uploads\/sites\/8\/2017\/03\/mikekuder.jpg\" alt=\"mikekuder\" itemprop=\"image\" title=\"mikekuder\"  \/>\n                        <\/a>\n\t\t                <a href=\"https:\/\/www.mikekuder.com\" target=\"_blank\" rel=\"noopener\">\n                    <h4>Michael Kuder<\/h4>\n                <\/a>\n        \t\t        \t\t        \tMike ha un background aziendale, \u00e8 un pastore e fondatore di chiese e attualmente serve con il team per l&#8217;avanzamento globale di Communitas International.\n<a href=\"https:\/\/www.mikekuder.com\" target=\"_blank\" rel=\"noopener\">Connettiti con Mike<\/a>\n\t\t<h3>\n\t\t\tunisciti alla conversazione\n\t\t<\/h3>\n\t\t\t<p>Connettiti con noi e con gli altri che sono in viaggio con Avventura Dinamica.\u00a0<\/p>\t\t\n\t\t<link itemprop=\"url\" href=\"https:\/\/thedynamicadventure.com\"\/>\n\t\t<a itemprop=\"sameAs\" href=\"https:\/\/www.facebook.com\/Dynamic-Adventure-1391739340892345\/\" target=\"_blank\" title=\"Facebook\" aria-label=\"Facebook\" role=\"button\" rel=\"noopener\">\n\t\t\t\t\t<\/a>\n\t\t<link itemprop=\"url\" href=\"https:\/\/thedynamicadventure.com\"\/>\n\t\t<a itemprop=\"sameAs\" href=\"https:\/\/www.instagram.com\/thedynamicadventure\/\" target=\"_blank\" title=\"Instagram\" aria-label=\"Instagram\" role=\"button\" rel=\"noopener\">\n\t\t\t\t\t<\/a>\n\t\t<link itemprop=\"url\" href=\"https:\/\/thedynamicadventure.com\"\/>\n\t\t<a itemprop=\"sameAs\" href=\"https:\/\/thedynamicadventure.com\/it\/connettiti\" target=\"_self\" title=\"Email\" aria-label=\"Email\" role=\"button\" rel=\"noopener\">\n\t\t\t\t\t<\/a>\n\t\t<link itemprop=\"url\" href=\"https:\/\/thedynamicadventure.com\"\/>\n\t\t<a itemprop=\"sameAs\" href=\"https:\/\/vimeo.com\/thedynamicadventure\" target=\"_self\" title=\"Vimeo\" aria-label=\"Vimeo\" role=\"button\" rel=\"noopener\">\n\t\t\t\t\t<\/a>\n\t\t<h3>\n\t\t\tMenu\n\t\t<\/h3>\n\t\t<h3>\n\t\t\trimani in contatto\n\t\t<\/h3>\n\t\t\t<p>Iscriviti per ricevere notizie, aggiornamenti e informazioni sugli eventi di Avventura Dinamica.<\/p>\t\t\n\t\t\t\t<a href=\"https:\/\/thedynamicadventure.com\/\" target=\"_blank\" rel=\"noopener\" itemprop=\"url\">\n\t\t\t\t<img decoding=\"async\" src=\"https:\/\/dynamicadv.wpengine.com\/wp-content\/uploads\/sites\/8\/2017\/03\/Communitas_International_Small.png\" alt=\"Communitas_International_Small\" itemprop=\"image\" title=\"Communitas_International_Small\" onerror=\"this.style.display='none'\"  \/>\n\t\t\t\t<\/a>\n\n","protected":false},"excerpt":{"rendered":"<p>La guida Iniziare e dare forma a un&#8217;espressione missionaria della chiesa \u00e8 un&#8217;avventura articolata ed imprevedibile. Non ci sono mappe per dove stai andando. Serve una guida esperta. sulla guida Avventura Dinamica \u00e8 una guida per il viaggio della tua squadra nello strano e sconosciuto territorio dell&#8217;iniziare o del plasmare un&#8217;espressione missionaria della chiesa. \u00c8&hellip;<\/p>\n","protected":false},"author":124,"featured_media":0,"parent":0,"menu_order":0,"comment_status":"closed","ping_status":"closed","template":"","meta":{"_acf_changed":false,"footnotes":""},"class_list":["post-783","page","type-page","status-publish","hentry"],"acf":[],"_links":{"self":[{"href":"https:\/\/thedynamicadventure.com\/it\/wp-json\/wp\/v2\/pages\/783","targetHints":{"allow":["GET"]}}],"collection":[{"href":"https:\/\/thedynamicadventure.com\/it\/wp-json\/wp\/v2\/pages"}],"about":[{"href":"https:\/\/thedynamicadventure.com\/it\/wp-json\/wp\/v2\/types\/page"}],"author":[{"embeddable":true,"href":"https:\/\/thedynamicadventure.com\/it\/wp-json\/wp\/v2\/users\/124"}],"replies":[{"embeddable":true,"href":"https:\/\/thedynamicadventure.com\/it\/wp-json\/wp\/v2\/comments?post=783"}],"version-history":[{"count":0,"href":"https:\/\/thedynamicadventure.com\/it\/wp-json\/wp\/v2\/pages\/783\/revisions"}],"wp:attachment":[{"href":"https:\/\/thedynamicadventure.com\/it\/wp-json\/wp\/v2\/media?parent=783"}],"curies":[{"name":"wp","href":"https:\/\/api.w.org\/{rel}","templated":true}]}}